{"id":2820,"date":"2016-01-29T10:14:18","date_gmt":"2016-01-29T10:14:18","guid":{"rendered":"https:\/\/santinagusminionlus.emmetoffetti.it\/wp\/dicono-di-noi\/"},"modified":"2023-01-18T13:43:02","modified_gmt":"2023-01-18T13:43:02","slug":"dicono-di-noi","status":"publish","type":"page","link":"https:\/\/www.santinagusminiassociation.it\/en\/dicono-di-noi\/","title":{"rendered":"Testimonials"},"content":{"rendered":"<div class=\"wpb-content-wrapper\"><p>[vc_row type=&#8221;vc_default&#8221;][vc_column css=&#8221;.vc_custom_1670250598079{padding-bottom: 70px !important;}&#8221;]<style type=\"text\/css\" data-type=\"the7_shortcodes-inline-css\">.dt-testimonials-shortcode.testimonials-masonry-shortcode-id-2966f81c39fd28e3443cb2b8cb067a46 .testimonial-item {\n  padding: 30px 30px 10px 30px;\n}\n.dt-testimonials-shortcode.testimonials-masonry-shortcode-id-2966f81c39fd28e3443cb2b8cb067a46 .testimonial-name,\n.dt-testimonials-shortcode.testimonials-masonry-shortcode-id-2966f81c39fd28e3443cb2b8cb067a46 .testimonial-name a,\n.dt-testimonials-shortcode.testimonials-masonry-shortcode-id-2966f81c39fd28e3443cb2b8cb067a46 .testimonial-name span {\n  margin-bottom: 0px;\n  font-weight: bold;\n}\n.dt-testimonials-shortcode.testimonials-masonry-shortcode-id-2966f81c39fd28e3443cb2b8cb067a46 .testimonial-position {\n  margin-bottom: 20px;\n}\n.dt-testimonials-shortcode.testimonials-masonry-shortcode-id-2966f81c39fd28e3443cb2b8cb067a46 .testimonial-position,\n.dt-testimonials-shortcode.testimonials-masonry-shortcode-id-2966f81c39fd28e3443cb2b8cb067a46 .testimonial-position span {\n  font-weight: bold;\n}\n.dt-testimonials-shortcode.testimonials-masonry-shortcode-id-2966f81c39fd28e3443cb2b8cb067a46  .testimonial-avatar {\n  padding: 0px 20px 20px 0px;\n}\n.dt-testimonials-shortcode.testimonials-masonry-shortcode-id-2966f81c39fd28e3443cb2b8cb067a46  .testimonial-avatar a,\n.dt-testimonials-shortcode.testimonials-masonry-shortcode-id-2966f81c39fd28e3443cb2b8cb067a46  .testimonial-avatar span,\n.dt-testimonials-shortcode.testimonials-masonry-shortcode-id-2966f81c39fd28e3443cb2b8cb067a46  .testimonial-avatar img {\n  max-width: 80px;\n}\n.dt-testimonials-shortcode.testimonials-masonry-shortcode-id-2966f81c39fd28e3443cb2b8cb067a46 .dt-css-grid .testimonial-avatar img,\n.dt-testimonials-shortcode.testimonials-masonry-shortcode-id-2966f81c39fd28e3443cb2b8cb067a46 .dt-css-grid .testimonial-avatar svg {\n  max-width: 100%;\n}\n.dt-testimonials-shortcode.testimonials-masonry-shortcode-id-2966f81c39fd28e3443cb2b8cb067a46.layout-5:not(.hide-testimonial-avatar) .content-wrap,\n.dt-testimonials-shortcode.testimonials-masonry-shortcode-id-2966f81c39fd28e3443cb2b8cb067a46.layout-6:not(.hide-testimonial-avatar) .content-wrap {\n  width: calc(100% - 80px - 20px - 0px);\n}\n.dt-testimonials-shortcode.testimonials-masonry-shortcode-id-2966f81c39fd28e3443cb2b8cb067a46 .testimonial-content {\n  margin-bottom: 20px;\n}\n.dt-testimonials-shortcode.testimonials-masonry-shortcode-id-2966f81c39fd28e3443cb2b8cb067a46  .testimonial-avatar,\n.dt-testimonials-shortcode.testimonials-masonry-shortcode-id-2966f81c39fd28e3443cb2b8cb067a46  .testimonial-avatar a.rollover,\n.dt-testimonials-shortcode.testimonials-masonry-shortcode-id-2966f81c39fd28e3443cb2b8cb067a46  .testimonial-avatar a.rollover *,\n.dt-testimonials-shortcode.testimonials-masonry-shortcode-id-2966f81c39fd28e3443cb2b8cb067a46  .testimonial-avatar img,\n.dt-testimonials-shortcode.testimonials-masonry-shortcode-id-2966f81c39fd28e3443cb2b8cb067a46  .testimonial-avatar .no-avatar,\n.dt-testimonials-shortcode.testimonials-masonry-shortcode-id-2966f81c39fd28e3443cb2b8cb067a46  .testim-no-avatar {\n  border-radius: 0px;\n}\n.dt-testimonials-shortcode.testimonials-masonry-shortcode-id-2966f81c39fd28e3443cb2b8cb067a46  .testimonial-avatar .no-avatar {\n  height: 80px;\n}\n.dt-testimonials-shortcode.testimonials-masonry-shortcode-id-2966f81c39fd28e3443cb2b8cb067a46  .testimonial-avatar .no-avatar {\n  font-size: 80px;\n  width: 80px;\n}\n.dt-testimonials-shortcode.testimonials-masonry-shortcode-id-2966f81c39fd28e3443cb2b8cb067a46 .filter-bg-decoration .filter-categories a.act {\n  color: #fff;\n}\n.dt-testimonials-shortcode.testimonials-masonry-shortcode-id-2966f81c39fd28e3443cb2b8cb067a46:not(.resize-by-browser-width) .dt-css-grid {\n  grid-row-gap: 30px;\n  grid-column-gap: 30px;\n  grid-template-columns: repeat(auto-fill,minmax(,1fr));\n}\n.cssgridlegacy.no-cssgrid .dt-testimonials-shortcode.testimonials-masonry-shortcode-id-2966f81c39fd28e3443cb2b8cb067a46:not(.resize-by-browser-width) .dt-css-grid,\n.no-cssgridlegacy.no-cssgrid .dt-testimonials-shortcode.testimonials-masonry-shortcode-id-2966f81c39fd28e3443cb2b8cb067a46:not(.resize-by-browser-width) .dt-css-grid {\n  display: flex;\n  flex-flow: row wrap;\n  margin: -15px;\n}\n.cssgridlegacy.no-cssgrid .dt-testimonials-shortcode.testimonials-masonry-shortcode-id-2966f81c39fd28e3443cb2b8cb067a46:not(.resize-by-browser-width) .dt-css-grid .wf-cell,\n.no-cssgridlegacy.no-cssgrid .dt-testimonials-shortcode.testimonials-masonry-shortcode-id-2966f81c39fd28e3443cb2b8cb067a46:not(.resize-by-browser-width) .dt-css-grid .wf-cell {\n  flex: 1 0 ;\n  max-width: 100%;\n  padding: 15px;\n  box-sizing: border-box;\n}\n.dt-testimonials-shortcode.testimonials-masonry-shortcode-id-2966f81c39fd28e3443cb2b8cb067a46.resize-by-browser-width .dt-css-grid {\n  grid-template-columns: repeat(1,1fr);\n  grid-template-rows: auto;\n  grid-column-gap: 30px;\n  grid-row-gap: 30px;\n}\n.cssgridlegacy.no-cssgrid .dt-testimonials-shortcode.testimonials-masonry-shortcode-id-2966f81c39fd28e3443cb2b8cb067a46.resize-by-browser-width .dt-css-grid,\n.no-cssgridlegacy.no-cssgrid .dt-testimonials-shortcode.testimonials-masonry-shortcode-id-2966f81c39fd28e3443cb2b8cb067a46.resize-by-browser-width .dt-css-grid {\n  margin: -15px;\n}\n.cssgridlegacy.no-cssgrid .dt-testimonials-shortcode.testimonials-masonry-shortcode-id-2966f81c39fd28e3443cb2b8cb067a46.resize-by-browser-width .dt-css-grid .wf-cell,\n.no-cssgridlegacy.no-cssgrid .dt-testimonials-shortcode.testimonials-masonry-shortcode-id-2966f81c39fd28e3443cb2b8cb067a46.resize-by-browser-width .dt-css-grid .wf-cell {\n  width: 100%;\n  padding: 15px;\n}\n@media screen and (max-width: 1199px) {\n  .dt-testimonials-shortcode.testimonials-masonry-shortcode-id-2966f81c39fd28e3443cb2b8cb067a46.resize-by-browser-width .dt-css-grid {\n    grid-template-columns: repeat(1,1fr);\n  }\n  .cssgridlegacy.no-cssgrid .dt-testimonials-shortcode.testimonials-masonry-shortcode-id-2966f81c39fd28e3443cb2b8cb067a46.resize-by-browser-width .dt-css-grid .wf-cell,\n  .no-cssgridlegacy.no-cssgrid .dt-testimonials-shortcode.testimonials-masonry-shortcode-id-2966f81c39fd28e3443cb2b8cb067a46.resize-by-browser-width .dt-css-grid .wf-cell {\n    width: 100%;\n  }\n}\n@media screen and (max-width: 991px) {\n  .dt-testimonials-shortcode.testimonials-masonry-shortcode-id-2966f81c39fd28e3443cb2b8cb067a46.resize-by-browser-width .dt-css-grid {\n    grid-template-columns: repeat(1,1fr);\n  }\n  .cssgridlegacy.no-cssgrid .dt-testimonials-shortcode.testimonials-masonry-shortcode-id-2966f81c39fd28e3443cb2b8cb067a46.resize-by-browser-width .dt-css-grid .wf-cell,\n  .no-cssgridlegacy.no-cssgrid .dt-testimonials-shortcode.testimonials-masonry-shortcode-id-2966f81c39fd28e3443cb2b8cb067a46.resize-by-browser-width .dt-css-grid .wf-cell {\n    width: 100%;\n  }\n}\n@media screen and (max-width: 767px) {\n  .dt-testimonials-shortcode.testimonials-masonry-shortcode-id-2966f81c39fd28e3443cb2b8cb067a46.resize-by-browser-width .dt-css-grid {\n    grid-template-columns: repeat(1,1fr);\n  }\n  .cssgridlegacy.no-cssgrid .dt-testimonials-shortcode.testimonials-masonry-shortcode-id-2966f81c39fd28e3443cb2b8cb067a46.resize-by-browser-width .dt-css-grid .wf-cell,\n  .no-cssgridlegacy.no-cssgrid .dt-testimonials-shortcode.testimonials-masonry-shortcode-id-2966f81c39fd28e3443cb2b8cb067a46.resize-by-browser-width .dt-css-grid .wf-cell {\n    width: 100%;\n  }\n}\n<\/style><div class=\"dt-testimonials-masonry-shortcode dt-testimonials-shortcode testimonials-masonry-shortcode-id-2966f81c39fd28e3443cb2b8cb067a46 loading-effect-none content-align-left mode-grid content-bg-off layout-3 hide-testimonial-avatar scale-img dt-css-grid-wrap jquery-filter dt-css-grid-wrap resize-by-browser-width  \" data-padding=\"15px\" data-cur-page=\"1\" data-post-limit=\"-1\" data-pagination-mode=\"none\" data-desktop-columns-num=\"1\" data-v-tablet-columns-num=\"1\" data-h-tablet-columns-num=\"1\" data-phone-columns-num=\"1\" data-width=\"0px\" data-columns=\"0\"><div class=\"dt-css-grid\" ><div class=\"visible wf-cell\" data-post-id=\"2823\" data-date=\"2016-01-30T18:00:35+01:00\" data-name=\"Alessandro Mezzanotte\"><div class=\"testimonial-item post visible\"><div class=\"testimonial-author\"><div class=\"testimonial-vcard\"><div class=\"testimonial-name\"><span class=\"text-primary\">Alessandro Mezzanotte<\/span><br \/><\/div><div class=\"testimonial-position\"><span class=\"text-secondary color-secondary\">Avvocato\r\n<\/span><\/div><\/div><\/div><div class=\"testimonial-content\"><p align=\"JUSTIFY\"><i>&#8220;Carisma, seriet\u00e0, onest\u00e0, altruismo e grande intelligenza.<br \/>\nQueste sono le prime ( ma non le uniche) doti che mi vengono in mente pensando a Maurizio Testa; la nostra conoscenza \u00e8 datata e ha attraversato periodi di maggiore e minore vicinanza, a seconda dei casi della vita.<br \/>\nMa, comunque e sempre, Maurizio Testa \u00e8 stato ed \u00e8 per me un vero amico, una persona sulla quale so di poter contare.<\/i><\/p>\n<p align=\"JUSTIFY\"><i>Quando mi ha chiesto un parere (in amicizia e professionale) sul suo progetto di promuovere in Botswana una scuola dell\u2019infanzia, con conseguente e preventiva formazione di docenti \u201c destinati\u201d all\u2019insegnamento in quei luoghi, ho subito pensato ai mille e pi\u00f9 problemi (burocratici e non) che avrebbe incontrato sulla sua strada. Ma ho anche pensato che solo lui potesse affrontarli, con la tenacia che sempre lo muove e che, in questo caso, si sarebbe trasformata in impegno totale. Impegno totale per gli altri, per chi non ha speranza, chi non ha (forse) un futuro, per chi \u00e8 meno fortunato.<br \/>\nImpegno totale per un progetto che illumina lui e fa risplendere ancora di pi\u00f9 la gi\u00e0 luminosissima stella della mia amica Santina.<\/i><\/p>\n<p align=\"JUSTIFY\"><i>Forza Maurizio, esempio pulito e alto di un popolo troppo spesso bistrattato e accostato a chi, per troppi anni, ci ha guidati esattamente all\u2019opposto di come avresti fatto tu: con egoismo, ottusit\u00e0, bassezze, visioni provinciali.<\/i><\/p>\n<p align=\"JUSTIFY\"><i>Aiutiamo un grande uomo nella realizzazione del suo grande e commovente progetto: aiutare chi ne ha davvero bisogno.&#8221;<\/i><\/p>\n<\/div><\/div><\/div><div class=\"visible wf-cell\" data-post-id=\"2827\" data-date=\"2016-01-22T19:57:09+01:00\" data-name=\"Claudio Zanini\"><div class=\"testimonial-item post visible\"><div class=\"testimonial-author\"><div class=\"testimonial-vcard\"><div class=\"testimonial-name\"><span class=\"text-primary\">Claudio Zanini<\/span><br \/><\/div><div class=\"testimonial-position\"><span class=\"text-secondary color-secondary\">Pr\u00e9sident et CEO du Groupe REnInvest (D\u00e9veloppement \u00c9nergies Renouvelables)\r\nChiasso, Suisse<\/span><\/div><\/div><\/div><div class=\"testimonial-content\"><p><i>&#8220;Je connais Maurizio Testa depuis plus de 30 ans et j\u2019ai toujours admir\u00e9 et appr\u00e9ci\u00e9 la t\u00e9nacit\u00e9 et l\u2019honn\u00eatet\u00e9 qu\u2019il met dans chaque activit\u00e9 qu\u2019il entreprend.<br \/>\nNon pas seulement pour les objectifs auxquels il vise ce projet en Botswana est digne du plus grand respect, mais surtout parce qu\u2019il ch\u00e9rit la m\u00e9moire de celle qu\u2019a partag\u00e9 avec Maurizio beaucoup d\u2019ann\u00e9es de vie, de voyages et d\u2019exp\u00e9riences. Ensemble Santina et Maurizio ont pu voir et constater les malaises de notre civilisation.<br \/>\nMoi personnellement mais aussi avec toute ma famille, nous soutenons Maurizio dans son projet de encourager la formation et l\u2019\u00e9ducation \u00e0 l\u2019enfance en Botswana. Les enfants et les jeunes repr\u00e9sentent notre futur et en tant que tels ils doivent \u00eatre soign\u00e9s et pr\u00e9serv\u00e9s.<br \/>\nInvestir nos efforts dans la formation de la g\u00e9n\u00e9ration future est fondamental pour notre soci\u00e9t\u00e9 et c\u2019est pour cela que nous avons la n\u00e9cessit\u00e9 de personnes qui poss\u00e8dent les connaissances et la disponibilit\u00e9 pour pouvoir le faire au mieux.<br \/>\nDans la m\u00e9moire d\u2019une personne qui avait dans son c\u0153ur les enfants les plus faibles et leur futur ce projet vise exactement \u00e0 cela.&#8221;<\/i><\/p>\n<p><strong>&#8220;Rares sont les personnes qui utilisent l\u2019intelligence.<br \/>\nQuelques seulement ceux qui utilisent le c\u0153ur.<br \/>\nUniques ceux qui utilisent les deux.&#8221;<br \/>\n(R. Levi Montalcini)<\/strong><\/p>\n<\/div><\/div><\/div><div class=\"visible wf-cell\" data-post-id=\"2828\" data-date=\"2013-06-27T16:17:53+02:00\" data-name=\"Adam Liacopoulos Economist\"><div class=\"testimonial-item post visible\"><div class=\"testimonial-author\"><div class=\"testimonial-vcard\"><div class=\"testimonial-name\"><span class=\"text-primary\">Adam Liacopoulos Economist<\/span><br \/><\/div><div class=\"testimonial-position\"><span class=\"text-secondary color-secondary\">Senior FX Consultant Athens, Greece<\/span><\/div><\/div><\/div><div class=\"testimonial-content\"><p><i>&#8220;I had the honor and pleasure to have met Tina, a true lady and a person very devoted to children welfare, especially in Africa. I am very pleased to see the Associazione Santina Gusmini Onlus realizing her dream to offer education and some comfort to children who badly need our support.&#8221;<\/i><\/p>\n<\/div><\/div><\/div><div class=\"visible wf-cell\" data-post-id=\"2829\" data-date=\"2012-06-27T16:19:30+02:00\" data-name=\"Prof. Bertagna\"><div class=\"testimonial-item post visible\"><div class=\"testimonial-author\"><div class=\"testimonial-vcard\"><div class=\"testimonial-name\"><span class=\"text-primary\">Prof. Bertagna<\/span><br \/><\/div><div class=\"testimonial-position\"><span class=\"text-secondary color-secondary\">Professor and Head Department of Human and Social Sciences \u2013 University of Bergamo - Italy\r\n<\/span><\/div><\/div><\/div><div class=\"testimonial-content\"><p><i>&#8220;Ho conosciuto\u00a0il dottor Testa nel momento in cui ha chiesto al\u00a0Dipartimento di scienze umane e sociali dell&#8217;universit\u00e0 di Bergamo consigli scientifici,\u00a0culturali e professionali per una eccellente\u00a0formazione dei docenti che intendono operare nella\u00a0scuola dell&#8217;infanzia. Lavorava sul\u00a0 progetto di promuovere in Botswana\u00a0una scuola dell&#8217;infanzia da impiegare allo stesso tempo anche\u00a0come laboratorio sperimentale per formare docenti\u00a0 pronti a promuovere\u00a0l&#8217;educazione\u00a0infantile nei villaggi\u00a0di questa terra africana. Gli ostacoli posti dal\u00a0Governo e dalla burocrazia botswana a questa iniziativa sono stati, per\u00f2,\u00a0finora tali e tanti che avrebbero fatto desistere chiunque. Non il dott. Testa, tuttavia. E per due ragioni che \u00e8 bello condividere.\u00a0 La prima \u00e8 morale e spirituale. Egli\u00a0intende, infatti,\u00a0con questo progetto\u00a0 degnamente ricordare\u00a0 la memoria della moglie e, soprattutto, della sua generosit\u00e0 e del suo impegno per gli altri, in particolare\u00a0per \u00a0i pi\u00f9 bisognosi di aiuto. La seconda \u00e8 di politica della formazione. Ha compreso che senza\u00a0 docenti innovativi e ben preparati \u00a0non si crea, n\u00e9 si mantiene, nessun dignitoso &#8220;capitale umano&#8221; e &#8220;capitale sociale&#8221;. Che bello sarebbe se anche tutta la classe dirigente del nostro Paese\u00a0avesse, e soprattuto, declinasse in concreti e qualificati atti istituzionali la medesima convinzione!&#8221;<\/i><\/p>\n<\/div><\/div><\/div><\/div><!-- iso-container|iso-grid --><\/div>[\/vc_column][\/vc_row]<\/p>\n<\/div>","protected":false},"excerpt":{"rendered":"<p>[vc_row type=&#8221;vc_default&#8221;][vc_column css=&#8221;.vc_custom_1670250598079{padding-bottom: 70px !important;}&#8221;][\/vc_column][\/vc_row]<\/p>\n","protected":false},"author":1,"featured_media":0,"parent":0,"menu_order":500,"comment_status":"closed","ping_status":"closed","template":"","meta":{"footnotes":""},"class_list":["post-2820","page","type-page","status-publish","hentry","description-off"],"_links":{"self":[{"href":"https:\/\/www.santinagusminiassociation.it\/en\/wp-json\/wp\/v2\/pages\/2820","targetHints":{"allow":["GET"]}}],"collection":[{"href":"https:\/\/www.santinagusminiassociation.it\/en\/wp-json\/wp\/v2\/pages"}],"about":[{"href":"https:\/\/www.santinagusminiassociation.it\/en\/wp-json\/wp\/v2\/types\/page"}],"author":[{"embeddable":true,"href":"https:\/\/www.santinagusminiassociation.it\/en\/wp-json\/wp\/v2\/users\/1"}],"replies":[{"embeddable":true,"href":"https:\/\/www.santinagusminiassociation.it\/en\/wp-json\/wp\/v2\/comments?post=2820"}],"version-history":[{"count":2,"href":"https:\/\/www.santinagusminiassociation.it\/en\/wp-json\/wp\/v2\/pages\/2820\/revisions"}],"predecessor-version":[{"id":3192,"href":"https:\/\/www.santinagusminiassociation.it\/en\/wp-json\/wp\/v2\/pages\/2820\/revisions\/3192"}],"wp:attachment":[{"href":"https:\/\/www.santinagusminiassociation.it\/en\/wp-json\/wp\/v2\/media?parent=2820"}],"curies":[{"name":"wp","href":"https:\/\/api.w.org\/{rel}","templated":true}]}}