{"id":2930,"date":"2022-11-29T14:04:29","date_gmt":"2022-11-29T14:04:29","guid":{"rendered":"https:\/\/santinagusminionlus.emmetoffetti.it\/wp\/project\/progetto-capo-verde\/"},"modified":"2022-12-22T16:27:11","modified_gmt":"2022-12-22T16:27:11","slug":"projeto-cabo-verde","status":"publish","type":"page","link":"https:\/\/www.santinagusminiassociation.it\/en\/project\/projeto-cabo-verde\/","title":{"rendered":"Projeto Cabo Verde"},"content":{"rendered":"<div class=\"wpb-content-wrapper\"><p>[vc_row][vc_column][vc_column_text]Our \u00a0Project for Cabo Verde \u00a0was obviously \u00a0presented in the archipelago&#8217;s official language, Portuguese. Anyone wants to read it,\u00a0<u><a href=\"\/wp\/wp-content\/uploads\/2022\/11\/Progetto-Educativo-PORT.pdf\" target=\"_blank\" rel=\"noopener\">please \u00a0click here<\/a><\/u><\/p>\n<p>&nbsp;<\/p>\n<p><u><img loading=\"lazy\" decoding=\"async\" src=\"\/wp\/wp-content\/uploads\/2022\/11\/Flag_of_Portugal.jpg\" alt=\"Portogallo\" width=\"27\" height=\"18\" data-file-width=\"600\" data-file-height=\"400\" \/><\/u>\u00a0\u00a0 Se voc\u00ea quiser ler o curso de forma\u00e7\u00e3o em Portugu\u00eas,\u00a0<u>c<a href=\"\/wp\/wp-content\/uploads\/2022\/11\/Progetto-Educativo-PORT.pdf\" target=\"_blank\" rel=\"noopener\">lique aqui<\/a><\/u><\/p>\n<p>[\/vc_column_text][\/vc_column][\/vc_row]<\/p>\n<\/div>","protected":false},"excerpt":{"rendered":"<p>[vc_row][vc_column][vc_column_text]Our \u00a0Project for Cabo Verde \u00a0was obviously \u00a0presented in the archipelago&#8217;s official language, Portuguese. Anyone wants to read it,\u00a0please \u00a0click here &nbsp; \u00a0\u00a0 Se voc\u00ea quiser ler o curso de forma\u00e7\u00e3o em Portugu\u00eas,\u00a0clique aqui [\/vc_column_text][\/vc_column][\/vc_row]<\/p>\n","protected":false},"author":1,"featured_media":0,"parent":2907,"menu_order":100,"comment_status":"closed","ping_status":"closed","template":"","meta":{"footnotes":""},"class_list":["post-2930","page","type-page","status-publish","hentry","description-off"],"_links":{"self":[{"href":"https:\/\/www.santinagusminiassociation.it\/en\/wp-json\/wp\/v2\/pages\/2930","targetHints":{"allow":["GET"]}}],"collection":[{"href":"https:\/\/www.santinagusminiassociation.it\/en\/wp-json\/wp\/v2\/pages"}],"about":[{"href":"https:\/\/www.santinagusminiassociation.it\/en\/wp-json\/wp\/v2\/types\/page"}],"author":[{"embeddable":true,"href":"https:\/\/www.santinagusminiassociation.it\/en\/wp-json\/wp\/v2\/users\/1"}],"replies":[{"embeddable":true,"href":"https:\/\/www.santinagusminiassociation.it\/en\/wp-json\/wp\/v2\/comments?post=2930"}],"version-history":[{"count":2,"href":"https:\/\/www.santinagusminiassociation.it\/en\/wp-json\/wp\/v2\/pages\/2930\/revisions"}],"predecessor-version":[{"id":2932,"href":"https:\/\/www.santinagusminiassociation.it\/en\/wp-json\/wp\/v2\/pages\/2930\/revisions\/2932"}],"up":[{"embeddable":true,"href":"https:\/\/www.santinagusminiassociation.it\/en\/wp-json\/wp\/v2\/pages\/2907"}],"wp:attachment":[{"href":"https:\/\/www.santinagusminiassociation.it\/en\/wp-json\/wp\/v2\/media?parent=2930"}],"curies":[{"name":"wp","href":"https:\/\/api.w.org\/{rel}","templated":true}]}}